{"id":3926,"date":"2023-02-22T15:29:25","date_gmt":"2023-02-22T14:29:25","guid":{"rendered":"https:\/\/www.racingwithelegance.com\/?page_id=3926"},"modified":"2026-04-07T17:49:59","modified_gmt":"2026-04-07T15:49:59","slug":"contacto","status":"publish","type":"page","link":"https:\/\/www.racingwithelegance.com\/es\/contacto\/","title":{"rendered":"Contacto"},"content":{"rendered":"\t\t<div data-elementor-type=\"wp-page\" data-elementor-id=\"3926\" class=\"elementor elementor-3926 elementor-544\">\n\t\t\t\t\t\t\t\t\t<section class=\"elementor-section elementor-top-section elementor-element elementor-element-2852ede elementor-section-boxed elementor-section-height-default elementor-section-height-default\" data-id=\"2852ede\" data-element_type=\"section\">\n\t\t\t\t\t\t<div class=\"elementor-container elementor-column-gap-extended\">\n\t\t\t\t\t<div class=\"elementor-column elementor-col-100 elementor-top-column elementor-element elementor-element-acdbd75\" data-id=\"acdbd75\" data-element_type=\"column\">\n\t\t\t<div class=\"elementor-widget-wrap elementor-element-populated\">\n\t\t\t\t\t\t\t\t<div class=\"elementor-element elementor-element-7a672f6 elementor-widget elementor-widget-heading\" data-id=\"7a672f6\" data-element_type=\"widget\" data-widget_type=\"heading.default\">\n\t\t\t\t<div class=\"elementor-widget-container\">\n\t\t\t<style>\/*! elementor - v3.15.0 - 20-08-2023 *\/\n.elementor-heading-title{padding:0;margin:0;line-height:1}.elementor-widget-heading .elementor-heading-title[class*=elementor-size-]>a{color:inherit;font-size:inherit;line-height:inherit}.elementor-widget-heading .elementor-heading-title.elementor-size-small{font-size:15px}.elementor-widget-heading .elementor-heading-title.elementor-size-medium{font-size:19px}.elementor-widget-heading .elementor-heading-title.elementor-size-large{font-size:29px}.elementor-widget-heading .elementor-heading-title.elementor-size-xl{font-size:39px}.elementor-widget-heading .elementor-heading-title.elementor-size-xxl{font-size:59px}<\/style><h1 class=\"elementor-heading-title elementor-size-default\">Contact<\/h1>\t\t<\/div>\n\t\t\t\t<\/div>\n\t\t\t\t\t<\/div>\n\t\t<\/div>\n\t\t\t\t\t\t\t<\/div>\n\t\t<\/section>\n\t\t\t\t<section class=\"elementor-section elementor-top-section elementor-element elementor-element-089834f elementor-section-boxed elementor-section-height-default elementor-section-height-default\" data-id=\"089834f\" data-element_type=\"section\">\n\t\t\t\t\t\t<div class=\"elementor-container elementor-column-gap-extended\">\n\t\t\t\t\t<div class=\"elementor-column elementor-col-50 elementor-top-column elementor-element elementor-element-87e6166\" data-id=\"87e6166\" data-element_type=\"column\">\n\t\t\t<div class=\"elementor-widget-wrap elementor-element-populated\">\n\t\t\t\t\t\t\t\t<div class=\"elementor-element elementor-element-96d516e elementor-widget elementor-widget-nm-cf7\" data-id=\"96d516e\" data-element_type=\"widget\" data-widget_type=\"nm-cf7.default\">\n\t\t\t\t<div class=\"elementor-widget-container\">\n\t\t\t\n<div class=\"wpcf7 no-js\" id=\"wpcf7-f3390-o1\" lang=\"en-US\" dir=\"ltr\">\n<div class=\"screen-reader-response\"><p role=\"status\" aria-live=\"polite\" aria-atomic=\"true\"><\/p> <ul><\/ul><\/div>\n<form action=\"\/es\/wp-json\/wp\/v2\/pages\/3926#wpcf7-f3390-o1\" method=\"post\" class=\"wpcf7-form init wpcf7-acceptance-as-validation\" aria-label=\"Contact form\" novalidate=\"novalidate\" data-status=\"init\">\n<div style=\"display: none;\">\n<input type=\"hidden\" name=\"_wpcf7\" value=\"3390\" \/>\n<input type=\"hidden\" name=\"_wpcf7_version\" value=\"5.8\" \/>\n<input type=\"hidden\" name=\"_wpcf7_locale\" value=\"en_US\" \/>\n<input type=\"hidden\" name=\"_wpcf7_unit_tag\" value=\"wpcf7-f3390-o1\" \/>\n<input type=\"hidden\" name=\"_wpcf7_container_post\" value=\"0\" \/>\n<input type=\"hidden\" name=\"_wpcf7_posted_data_hash\" value=\"\" \/>\n<input type=\"hidden\" name=\"_wpcf7_recaptcha_response\" value=\"\" \/>\n<\/div>\n<p class=\"half\"><span class=\"wpcf7-form-control-wrap\" data-name=\"your-name\"><input size=\"40\" class=\"wpcf7-form-control wpcf7-text wpcf7-validates-as-required\" aria-required=\"true\" aria-invalid=\"false\" placeholder=\"Apellido *\" value=\"\" type=\"text\" name=\"your-name\" \/><\/span>\n<\/p>\n<p class=\"half\"><span class=\"wpcf7-form-control-wrap\" data-name=\"your-email\"><input size=\"40\" class=\"wpcf7-form-control wpcf7-email wpcf7-validates-as-required wpcf7-text wpcf7-validates-as-email\" aria-required=\"true\" aria-invalid=\"false\" placeholder=\"Correo electr\u00f3nico *\" value=\"\" type=\"email\" name=\"your-email\" \/><\/span>\n<\/p>\n<p><span class=\"wpcf7-form-control-wrap\" data-name=\"your-message\"><textarea cols=\"40\" rows=\"10\" class=\"wpcf7-form-control wpcf7-textarea\" aria-invalid=\"false\" placeholder=\"Mensaje\" name=\"your-message\"><\/textarea><\/span>\n<\/p>\n<p><span class=\"wpcf7-form-control-wrap\" data-name=\"RGPD\"><span class=\"wpcf7-form-control wpcf7-acceptance\"><span class=\"wpcf7-list-item\"><label><input type=\"checkbox\" name=\"RGPD\" value=\"1\" aria-invalid=\"false\" \/><span class=\"wpcf7-list-item-label\">Al enviar este formulario, acepto que la informaci\u00f3n ingresada en este formulario se utilizar\u00e1 para permitirme ser contactado nuevamente en el marco de la relaci\u00f3n comercial que resulte de esta solicitud. (<a href=\"https:\/\/www.racingwithelegance.com\/es\/politica-de-confidencialidad\/\" target=\"_blank\">Observe nuestra pol\u00edtica de privacidad<\/a>).<\/span><\/label><\/span><\/span><\/span>\n<\/p>\n<p><input class=\"wpcf7-form-control wpcf7-submit has-spinner\" type=\"submit\" value=\"Enviar\" \/>\n<\/p><div class=\"wpcf7-response-output\" aria-hidden=\"true\"><\/div>\n<\/form>\n<\/div>\n\t\t<\/div>\n\t\t\t\t<\/div>\n\t\t\t\t\t<\/div>\n\t\t<\/div>\n\t\t\t\t<div class=\"elementor-column elementor-col-50 elementor-top-column elementor-element elementor-element-38a8554\" data-id=\"38a8554\" data-element_type=\"column\">\n\t\t\t<div class=\"elementor-widget-wrap elementor-element-populated\">\n\t\t\t\t\t\t\t\t<div class=\"elementor-element elementor-element-d1356b8 elementor-widget elementor-widget-nm-feature\" data-id=\"d1356b8\" data-element_type=\"widget\" data-widget_type=\"nm-feature.default\">\n\t\t\t\t<div class=\"elementor-widget-container\">\n\t\t\t\n\t\t\t<div class=\"nm-feature layout-icon_left icon-style-simple bottom-spacing-small\"><div class=\"nm-feature-icon\"><i class=\"pe-7s-map-marker\"><\/i><\/div>\n\t\t\t\t<div class=\"nm-feature-content\"><h2>Racing With Elegance SRL<\/h2>\n\t\t\t\t\t<div class=\"wpb_text_column\"><p>Rue du Drape, 7<br \/>\n1421 Ophain<br \/>\nB\u00e9lgica<\/p>\n<p><a href=\"mailto:contact@racingwithelegance.com\">contact@racingwithelegance.com<\/a><br \/>\n+32.475.74.77.73.<\/p>\n<\/div>\n\t\t\t\t<\/div>\n\t\t\t<\/div>\t\t<\/div>\n\t\t\t\t<\/div>\n\t\t\t\t\t<\/div>\n\t\t<\/div>\n\t\t\t\t\t\t\t<\/div>\n\t\t<\/section>\n\t\t\t\t\t\t\t<\/div>\n\t\t","protected":false},"excerpt":{"rendered":"<p>Contact Al enviar este formulario, acepto que la informaci\u00f3n ingresada en este formulario se utilizar\u00e1 para permitirme ser contactado nuevamente en el marco de la relaci\u00f3n comercial que resulte de esta solicitud. (Observe nuestra pol\u00edtica de privacidad). Racing With Elegance SRL Rue du Drape, 7 1421 Ophain B\u00e9lgica contact@racingwithelegance.com +32.475.74.77.73.<\/p>\n","protected":false},"author":1,"featured_media":0,"parent":0,"menu_order":0,"comment_status":"closed","ping_status":"closed","template":"","meta":{"footnotes":""},"yoast_head":"<!-- This site is optimized with the Yoast SEO plugin v22.0 - https:\/\/yoast.com\/wordpress\/plugins\/seo\/ -->\n<title>Contacto - Racing With Elegance<\/title>\n<meta name=\"robots\" content=\"index, follow, max-snippet:-1, max-image-preview:large, max-video-preview:-1\" \/>\n<link rel=\"canonical\" href=\"https:\/\/www.racingwithelegance.com\/es\/contacto\/\" \/>\n<meta property=\"og:locale\" content=\"es_ES\" \/>\n<meta property=\"og:type\" content=\"article\" \/>\n<meta property=\"og:title\" content=\"Contacto - Racing With Elegance\" \/>\n<meta property=\"og:description\" content=\"Contact Al enviar este formulario, acepto que la informaci\u00f3n ingresada en este formulario se utilizar\u00e1 para permitirme ser contactado nuevamente en el marco de la relaci\u00f3n comercial que resulte de esta solicitud. (Observe nuestra pol\u00edtica de privacidad). Racing With Elegance SRL Rue du Drape, 7 1421 Ophain B\u00e9lgica contact@racingwithelegance.com +32.475.74.77.73.\" \/>\n<meta property=\"og:url\" content=\"https:\/\/www.racingwithelegance.com\/es\/contacto\/\" \/>\n<meta property=\"og:site_name\" content=\"Racing With Elegance\" \/>\n<meta property=\"article:publisher\" content=\"https:\/\/facebook.com\/galuppo.beneluxfrance\" \/>\n<meta property=\"article:modified_time\" content=\"2026-04-07T15:49:59+00:00\" \/>\n<meta name=\"twitter:card\" content=\"summary_large_image\" \/>\n<meta name=\"twitter:label1\" content=\"Tiempo de lectura\" \/>\n\t<meta name=\"twitter:data1\" content=\"1 minuto\" \/>\n<script type=\"application\/ld+json\" class=\"yoast-schema-graph\">{\"@context\":\"https:\/\/schema.org\",\"@graph\":[{\"@type\":\"WebPage\",\"@id\":\"https:\/\/www.racingwithelegance.com\/es\/contacto\/\",\"url\":\"https:\/\/www.racingwithelegance.com\/es\/contacto\/\",\"name\":\"Contacto - Racing With Elegance\",\"isPartOf\":{\"@id\":\"https:\/\/www.racingwithelegance.com\/es\/#website\"},\"datePublished\":\"2023-02-22T14:29:25+00:00\",\"dateModified\":\"2026-04-07T15:49:59+00:00\",\"breadcrumb\":{\"@id\":\"https:\/\/www.racingwithelegance.com\/es\/contacto\/#breadcrumb\"},\"inLanguage\":\"es\",\"potentialAction\":[{\"@type\":\"ReadAction\",\"target\":[\"https:\/\/www.racingwithelegance.com\/es\/contacto\/\"]}]},{\"@type\":\"BreadcrumbList\",\"@id\":\"https:\/\/www.racingwithelegance.com\/es\/contacto\/#breadcrumb\",\"itemListElement\":[{\"@type\":\"ListItem\",\"position\":1,\"name\":\"Accueil\",\"item\":\"https:\/\/www.racingwithelegance.com\/es\/\"},{\"@type\":\"ListItem\",\"position\":2,\"name\":\"Contacto\"}]},{\"@type\":\"WebSite\",\"@id\":\"https:\/\/www.racingwithelegance.com\/es\/#website\",\"url\":\"https:\/\/www.racingwithelegance.com\/es\/\",\"name\":\"Racing With Elegance\",\"description\":\"The Driver\u2019s Signature\",\"publisher\":{\"@id\":\"https:\/\/www.racingwithelegance.com\/es\/#organization\"},\"alternateName\":\"RWE\",\"potentialAction\":[{\"@type\":\"SearchAction\",\"target\":{\"@type\":\"EntryPoint\",\"urlTemplate\":\"https:\/\/www.racingwithelegance.com\/es\/?s={search_term_string}\"},\"query-input\":\"required name=search_term_string\"}],\"inLanguage\":\"es\"},{\"@type\":\"Organization\",\"@id\":\"https:\/\/www.racingwithelegance.com\/es\/#organization\",\"name\":\"Racing With Elegance \u00e9quipement pour pilote de course\",\"alternateName\":\"RWE\",\"url\":\"https:\/\/www.racingwithelegance.com\/es\/\",\"logo\":{\"@type\":\"ImageObject\",\"inLanguage\":\"es\",\"@id\":\"https:\/\/www.racingwithelegance.com\/es\/#\/schema\/logo\/image\/\",\"url\":\"https:\/\/www.racingwithelegance.com\/wp-content\/uploads\/2026\/01\/racing-with-elegance-logo.jpg\",\"contentUrl\":\"https:\/\/www.racingwithelegance.com\/wp-content\/uploads\/2026\/01\/racing-with-elegance-logo.jpg\",\"width\":470,\"height\":101,\"caption\":\"Racing With Elegance \u00e9quipement pour pilote de course\"},\"image\":{\"@id\":\"https:\/\/www.racingwithelegance.com\/es\/#\/schema\/logo\/image\/\"},\"sameAs\":[\"https:\/\/facebook.com\/galuppo.beneluxfrance\",\"https:\/\/instagram.com\/galuppobelgiumfrance\",\"https:\/\/api.whatsapp.com\/send?phone=32475747773\"]}]}<\/script>\n<!-- \/ Yoast SEO plugin. -->","yoast_head_json":{"title":"Contacto - Racing With Elegance","robots":{"index":"index","follow":"follow","max-snippet":"max-snippet:-1","max-image-preview":"max-image-preview:large","max-video-preview":"max-video-preview:-1"},"canonical":"https:\/\/www.racingwithelegance.com\/es\/contacto\/","og_locale":"es_ES","og_type":"article","og_title":"Contacto - Racing With Elegance","og_description":"Contact Al enviar este formulario, acepto que la informaci\u00f3n ingresada en este formulario se utilizar\u00e1 para permitirme ser contactado nuevamente en el marco de la relaci\u00f3n comercial que resulte de esta solicitud. (Observe nuestra pol\u00edtica de privacidad). Racing With Elegance SRL Rue du Drape, 7 1421 Ophain B\u00e9lgica contact@racingwithelegance.com +32.475.74.77.73.","og_url":"https:\/\/www.racingwithelegance.com\/es\/contacto\/","og_site_name":"Racing With Elegance","article_publisher":"https:\/\/facebook.com\/galuppo.beneluxfrance","article_modified_time":"2026-04-07T15:49:59+00:00","twitter_card":"summary_large_image","twitter_misc":{"Tiempo de lectura":"1 minuto"},"schema":{"@context":"https:\/\/schema.org","@graph":[{"@type":"WebPage","@id":"https:\/\/www.racingwithelegance.com\/es\/contacto\/","url":"https:\/\/www.racingwithelegance.com\/es\/contacto\/","name":"Contacto - Racing With Elegance","isPartOf":{"@id":"https:\/\/www.racingwithelegance.com\/es\/#website"},"datePublished":"2023-02-22T14:29:25+00:00","dateModified":"2026-04-07T15:49:59+00:00","breadcrumb":{"@id":"https:\/\/www.racingwithelegance.com\/es\/contacto\/#breadcrumb"},"inLanguage":"es","potentialAction":[{"@type":"ReadAction","target":["https:\/\/www.racingwithelegance.com\/es\/contacto\/"]}]},{"@type":"BreadcrumbList","@id":"https:\/\/www.racingwithelegance.com\/es\/contacto\/#breadcrumb","itemListElement":[{"@type":"ListItem","position":1,"name":"Accueil","item":"https:\/\/www.racingwithelegance.com\/es\/"},{"@type":"ListItem","position":2,"name":"Contacto"}]},{"@type":"WebSite","@id":"https:\/\/www.racingwithelegance.com\/es\/#website","url":"https:\/\/www.racingwithelegance.com\/es\/","name":"Racing With Elegance","description":"The Driver\u2019s Signature","publisher":{"@id":"https:\/\/www.racingwithelegance.com\/es\/#organization"},"alternateName":"RWE","potentialAction":[{"@type":"SearchAction","target":{"@type":"EntryPoint","urlTemplate":"https:\/\/www.racingwithelegance.com\/es\/?s={search_term_string}"},"query-input":"required name=search_term_string"}],"inLanguage":"es"},{"@type":"Organization","@id":"https:\/\/www.racingwithelegance.com\/es\/#organization","name":"Racing With Elegance \u00e9quipement pour pilote de course","alternateName":"RWE","url":"https:\/\/www.racingwithelegance.com\/es\/","logo":{"@type":"ImageObject","inLanguage":"es","@id":"https:\/\/www.racingwithelegance.com\/es\/#\/schema\/logo\/image\/","url":"https:\/\/www.racingwithelegance.com\/wp-content\/uploads\/2026\/01\/racing-with-elegance-logo.jpg","contentUrl":"https:\/\/www.racingwithelegance.com\/wp-content\/uploads\/2026\/01\/racing-with-elegance-logo.jpg","width":470,"height":101,"caption":"Racing With Elegance \u00e9quipement pour pilote de course"},"image":{"@id":"https:\/\/www.racingwithelegance.com\/es\/#\/schema\/logo\/image\/"},"sameAs":["https:\/\/facebook.com\/galuppo.beneluxfrance","https:\/\/instagram.com\/galuppobelgiumfrance","https:\/\/api.whatsapp.com\/send?phone=32475747773"]}]}},"_links":{"self":[{"href":"https:\/\/www.racingwithelegance.com\/es\/wp-json\/wp\/v2\/pages\/3926"}],"collection":[{"href":"https:\/\/www.racingwithelegance.com\/es\/wp-json\/wp\/v2\/pages"}],"about":[{"href":"https:\/\/www.racingwithelegance.com\/es\/wp-json\/wp\/v2\/types\/page"}],"author":[{"embeddable":true,"href":"https:\/\/www.racingwithelegance.com\/es\/wp-json\/wp\/v2\/users\/1"}],"replies":[{"embeddable":true,"href":"https:\/\/www.racingwithelegance.com\/es\/wp-json\/wp\/v2\/comments?post=3926"}],"version-history":[{"count":10,"href":"https:\/\/www.racingwithelegance.com\/es\/wp-json\/wp\/v2\/pages\/3926\/revisions"}],"predecessor-version":[{"id":6694,"href":"https:\/\/www.racingwithelegance.com\/es\/wp-json\/wp\/v2\/pages\/3926\/revisions\/6694"}],"wp:attachment":[{"href":"https:\/\/www.racingwithelegance.com\/es\/wp-json\/wp\/v2\/media?parent=3926"}],"curies":[{"name":"wp","href":"https:\/\/api.w.org\/{rel}","templated":true}]}}