{"id":3367,"date":"2015-08-11T22:13:09","date_gmt":"2015-08-11T22:13:09","guid":{"rendered":"https:\/\/www.racingwithelegance.com\/produit\/gi2000-gala-fia-8856-2018\/"},"modified":"2023-02-25T13:52:27","modified_gmt":"2023-02-25T12:52:27","slug":"gi2000-gala-fia-8856-2018","status":"publish","type":"product","link":"https:\/\/www.racingwithelegance.com\/es\/shop\/gi2000-gala-fia-8856-2018\/","title":{"rendered":"GI2000 Gala FIA-8856-2018"},"content":{"rendered":"","protected":false},"excerpt":{"rendered":"<p>Nuestro traje <strong>GI 2000 Gala<\/strong> est\u00e1 certificado seg\u00fan el nuevo est\u00e1ndar de homologaci\u00f3n <strong>FIA 8856-2018<\/strong>. Est\u00e1 hecho de 3 capas de telas Nomex de la m\u00e1s alta calidad y es totalmente ign\u00edfugo, brindando la mejor comodidad y seguridad.<br \/>\nEl traje de Gala GI 2000 es <strong>personalizable<\/strong>. Puede elegir entre pu\u00f1os o tobillos Nascar o est\u00e1ndar, bolsillos interiores o exteriores, y si agregar o no un cintur\u00f3n.<br \/>\nDisponible en tama\u00f1o est\u00e1ndar o personalizado.<br \/>\nTenemos una variedad de colores para que elijas y combines: blanco, negro, gris, azul, marino, rojo, verde, amarillo y naranja.<br \/>\nPuedes personalizar tu disfraz con logos bordados o vinilo textil.<\/p>\n<p><strong>Caracter\u00edsticas:<\/strong><br \/>\n&#8211; Aprobaci\u00f3n FIA 8856 2018.<br \/>\n&#8211; 100% Nomex ign\u00edfugo.<br \/>\n&#8211; 3 capas.<br \/>\n&#8211; Peso: 310 g\/m\u00b2 (+\/- 5%).<\/p>\n<p><strong>Personalizaci\u00f3n:<\/strong><br \/>\n&#8211; Mangas totalmente flotantes opcionales.<br \/>\n&#8211; Cintur\u00f3n opcional.<br \/>\n&#8211; Bolsillos interiores o exteriores.<br \/>\n&#8211; Pu\u00f1os Nascar o est\u00e1ndar.<br \/>\n&#8211; Colores: blanco, negro, gris, azul, marino, rojo, verde, amarillo y naranja.<br \/>\n&#8211; Logotipos: vinilos bordados o textiles.<br \/>\n&#8211; Tallas: 46 a 62 o a medida<\/p>\n<p><img decoding=\"async\" src=\"https:\/\/www.racingwithelegance.com\/logoFIA.jpg\" width=\"200\"><\/p>\n<p>*Las im\u00e1genes no son contractuales.<\/p>\n<table>\n<tbody>\n<tr>\n<td width=\"100\"><a href=\"https:\/\/www.racingwithelegance.com\/wp-content\/uploads\/2023\/02\/gi2000-gala-fia-8856-2018-dessinez-votre-projet.pdf\" target=\"_blank\" rel=\"noopener\"><img loading=\"lazy\" decoding=\"async\" class=\"alignnone wp-image-3028\" src=\"https:\/\/www.racingwithelegance.com\/wp-content\/uploads\/2015\/08\/pdf-svg.svg\" alt=\"\" width=\"80\" height=\"80\" \/><\/a><\/td>\n<td><strong>Dibuja tu proyecto<\/strong><br \/>\nPDF \u2013 740,7 KB<br \/>\n<a class=\"btndownloadgaluppo\" href=\"https:\/\/www.racingwithelegance.com\/wp-content\/uploads\/2023\/02\/gi2000-gala-fia-8856-2018-dessinez-votre-projet.pdf\" target=\"_blank\" rel=\"noopener\">Descargar<\/a><\/td>\n<\/tr>\n<tr>\n<td width=\"100\"><a href=\"https:\/\/www.racingwithelegance.com\/wp-content\/uploads\/2023\/02\/gi2000-gala-fia-8856-2018-indiquez-vos-mesures.pdf\" target=\"_blank\" rel=\"noopener\"><img loading=\"lazy\" decoding=\"async\" class=\"alignnone wp-image-3028\" src=\"https:\/\/www.racingwithelegance.com\/wp-content\/uploads\/2015\/08\/pdf-svg.svg\" alt=\"\" width=\"80\" height=\"80\" \/><\/a><\/td>\n<td><strong>Indica tus medidas<\/strong><br \/>\nPDF \u2013 341,0 KB<br \/>\n<a class=\"btndownloadgaluppo\" href=\"https:\/\/www.racingwithelegance.com\/wp-content\/uploads\/2023\/02\/gi2000-gala-fia-8856-2018-indiquez-vos-mesures.pdf\" target=\"_blank\" rel=\"noopener\">Descargar<\/a><\/td>\n<\/tr>\n<\/tbody>\n<\/table>\n<p><iframe src=\"https:\/\/www.youtube-nocookie.com\/embed\/r2i8Vs-272Q?&amp;controls=1&amp;rel=0&amp;modestbranding=1\" frameborder=\"0\" allowfullscreen=\"allowfullscreen\"><\/iframe><\/p>\n[contact-form-7 id=\"4003\" title=\"Demande informations produits - pdf ES\"]\n","protected":false},"featured_media":3214,"template":"","meta":[],"product_cat":[181],"product_tag":[],"yoast_head":"<!-- This site is optimized with the Yoast SEO plugin v22.0 - https:\/\/yoast.com\/wordpress\/plugins\/seo\/ -->\n<title>GI2000 Gala FIA-8856-2018 - Racing With Elegance<\/title>\n<meta name=\"robots\" content=\"index, follow, max-snippet:-1, max-image-preview:large, max-video-preview:-1\" \/>\n<link rel=\"canonical\" href=\"https:\/\/www.racingwithelegance.com\/es\/shop\/gi2000-gala-fia-8856-2018\/\" \/>\n<meta property=\"og:locale\" content=\"es_ES\" \/>\n<meta property=\"og:type\" content=\"article\" \/>\n<meta property=\"og:title\" content=\"GI2000 Gala FIA-8856-2018 - Racing With Elegance\" \/>\n<meta property=\"og:description\" content=\"Nuestro traje GI 2000 Gala est\u00e1 certificado seg\u00fan el nuevo est\u00e1ndar de homologaci\u00f3n FIA 8856-2018. Est\u00e1 hecho de 3 capas de telas Nomex de la m\u00e1s alta calidad y es totalmente ign\u00edfugo, brindando la mejor comodidad y seguridad. El traje de Gala GI 2000 es personalizable. Puede elegir entre pu\u00f1os o tobillos Nascar o est\u00e1ndar, bolsillos interiores o exteriores, y si agregar o no un cintur\u00f3n. Disponible en tama\u00f1o est\u00e1ndar o personalizado. Tenemos una variedad de colores para que elijas y combines: blanco, negro, gris, azul, marino, rojo, verde, amarillo y naranja. Puedes personalizar tu disfraz con logos bordados o vinilo textil.  Caracter\u00edsticas: - Aprobaci\u00f3n FIA 8856 2018. - 100% Nomex ign\u00edfugo. - 3 capas. - Peso: 310 g\/m\u00b2 (+\/- 5%).  Personalizaci\u00f3n: - Mangas totalmente flotantes opcionales. - Cintur\u00f3n opcional. - Bolsillos interiores o exteriores. - Pu\u00f1os Nascar o est\u00e1ndar. - Colores: blanco, negro, gris, azul, marino, rojo, verde, amarillo y naranja. - Logotipos: vinilos bordados o textiles. - Tallas: 46 a 62 o a medida    *Las im\u00e1genes no son contractuales.     Dibuja tu proyecto PDF \u2013 740,7 KB Descargar    Indica tus medidas PDF \u2013 341,0 KB Descargar\" \/>\n<meta property=\"og:url\" content=\"https:\/\/www.racingwithelegance.com\/es\/shop\/gi2000-gala-fia-8856-2018\/\" \/>\n<meta property=\"og:site_name\" content=\"Racing With Elegance\" \/>\n<meta property=\"article:publisher\" content=\"https:\/\/facebook.com\/galuppo.beneluxfrance\" \/>\n<meta property=\"article:modified_time\" content=\"2023-02-25T12:52:27+00:00\" \/>\n<meta property=\"og:image\" content=\"https:\/\/www.racingwithelegance.com\/wp-content\/uploads\/2015\/08\/dsc_0245.webp\" \/>\n\t<meta property=\"og:image:width\" content=\"1919\" \/>\n\t<meta property=\"og:image:height\" content=\"1641\" \/>\n\t<meta property=\"og:image:type\" content=\"image\/webp\" \/>\n<meta name=\"twitter:card\" content=\"summary_large_image\" \/>\n<script type=\"application\/ld+json\" class=\"yoast-schema-graph\">{\"@context\":\"https:\/\/schema.org\",\"@graph\":[{\"@type\":\"WebPage\",\"@id\":\"https:\/\/www.racingwithelegance.com\/es\/shop\/gi2000-gala-fia-8856-2018\/\",\"url\":\"https:\/\/www.racingwithelegance.com\/es\/shop\/gi2000-gala-fia-8856-2018\/\",\"name\":\"GI2000 Gala FIA-8856-2018 - Racing With Elegance\",\"isPartOf\":{\"@id\":\"https:\/\/www.racingwithelegance.com\/es\/#website\"},\"datePublished\":\"2015-08-11T22:13:09+00:00\",\"dateModified\":\"2023-02-25T12:52:27+00:00\",\"breadcrumb\":{\"@id\":\"https:\/\/www.racingwithelegance.com\/es\/shop\/gi2000-gala-fia-8856-2018\/#breadcrumb\"},\"inLanguage\":\"es\",\"potentialAction\":[{\"@type\":\"ReadAction\",\"target\":[\"https:\/\/www.racingwithelegance.com\/es\/shop\/gi2000-gala-fia-8856-2018\/\"]}]},{\"@type\":\"BreadcrumbList\",\"@id\":\"https:\/\/www.racingwithelegance.com\/es\/shop\/gi2000-gala-fia-8856-2018\/#breadcrumb\",\"itemListElement\":[{\"@type\":\"ListItem\",\"position\":1,\"name\":\"Accueil\",\"item\":\"https:\/\/www.racingwithelegance.com\/es\/\"},{\"@type\":\"ListItem\",\"position\":2,\"name\":\"P\u00e1gina principal\",\"item\":\"https:\/\/www.racingwithelegance.com\/es\/\"},{\"@type\":\"ListItem\",\"position\":3,\"name\":\"GI2000 Gala FIA-8856-2018\"}]},{\"@type\":\"WebSite\",\"@id\":\"https:\/\/www.racingwithelegance.com\/es\/#website\",\"url\":\"https:\/\/www.racingwithelegance.com\/es\/\",\"name\":\"Racing With Elegance\",\"description\":\"The Driver\u2019s Signature\",\"publisher\":{\"@id\":\"https:\/\/www.racingwithelegance.com\/es\/#organization\"},\"alternateName\":\"RWE\",\"potentialAction\":[{\"@type\":\"SearchAction\",\"target\":{\"@type\":\"EntryPoint\",\"urlTemplate\":\"https:\/\/www.racingwithelegance.com\/es\/?s={search_term_string}\"},\"query-input\":\"required name=search_term_string\"}],\"inLanguage\":\"es\"},{\"@type\":\"Organization\",\"@id\":\"https:\/\/www.racingwithelegance.com\/es\/#organization\",\"name\":\"Racing With Elegance \u00e9quipement pour pilote de course\",\"alternateName\":\"RWE\",\"url\":\"https:\/\/www.racingwithelegance.com\/es\/\",\"logo\":{\"@type\":\"ImageObject\",\"inLanguage\":\"es\",\"@id\":\"https:\/\/www.racingwithelegance.com\/es\/#\/schema\/logo\/image\/\",\"url\":\"https:\/\/www.racingwithelegance.com\/wp-content\/uploads\/2026\/01\/racing-with-elegance-logo.jpg\",\"contentUrl\":\"https:\/\/www.racingwithelegance.com\/wp-content\/uploads\/2026\/01\/racing-with-elegance-logo.jpg\",\"width\":470,\"height\":101,\"caption\":\"Racing With Elegance \u00e9quipement pour pilote de course\"},\"image\":{\"@id\":\"https:\/\/www.racingwithelegance.com\/es\/#\/schema\/logo\/image\/\"},\"sameAs\":[\"https:\/\/facebook.com\/galuppo.beneluxfrance\",\"https:\/\/instagram.com\/galuppobelgiumfrance\",\"https:\/\/api.whatsapp.com\/send?phone=32475747773\"]}]}<\/script>\n<!-- \/ Yoast SEO plugin. -->","yoast_head_json":{"title":"GI2000 Gala FIA-8856-2018 - Racing With Elegance","robots":{"index":"index","follow":"follow","max-snippet":"max-snippet:-1","max-image-preview":"max-image-preview:large","max-video-preview":"max-video-preview:-1"},"canonical":"https:\/\/www.racingwithelegance.com\/es\/shop\/gi2000-gala-fia-8856-2018\/","og_locale":"es_ES","og_type":"article","og_title":"GI2000 Gala FIA-8856-2018 - Racing With Elegance","og_description":"Nuestro traje GI 2000 Gala est\u00e1 certificado seg\u00fan el nuevo est\u00e1ndar de homologaci\u00f3n FIA 8856-2018. Est\u00e1 hecho de 3 capas de telas Nomex de la m\u00e1s alta calidad y es totalmente ign\u00edfugo, brindando la mejor comodidad y seguridad. El traje de Gala GI 2000 es personalizable. Puede elegir entre pu\u00f1os o tobillos Nascar o est\u00e1ndar, bolsillos interiores o exteriores, y si agregar o no un cintur\u00f3n. Disponible en tama\u00f1o est\u00e1ndar o personalizado. Tenemos una variedad de colores para que elijas y combines: blanco, negro, gris, azul, marino, rojo, verde, amarillo y naranja. Puedes personalizar tu disfraz con logos bordados o vinilo textil.  Caracter\u00edsticas: - Aprobaci\u00f3n FIA 8856 2018. - 100% Nomex ign\u00edfugo. - 3 capas. - Peso: 310 g\/m\u00b2 (+\/- 5%).  Personalizaci\u00f3n: - Mangas totalmente flotantes opcionales. - Cintur\u00f3n opcional. - Bolsillos interiores o exteriores. - Pu\u00f1os Nascar o est\u00e1ndar. - Colores: blanco, negro, gris, azul, marino, rojo, verde, amarillo y naranja. - Logotipos: vinilos bordados o textiles. - Tallas: 46 a 62 o a medida    *Las im\u00e1genes no son contractuales.     Dibuja tu proyecto PDF \u2013 740,7 KB Descargar    Indica tus medidas PDF \u2013 341,0 KB Descargar","og_url":"https:\/\/www.racingwithelegance.com\/es\/shop\/gi2000-gala-fia-8856-2018\/","og_site_name":"Racing With Elegance","article_publisher":"https:\/\/facebook.com\/galuppo.beneluxfrance","article_modified_time":"2023-02-25T12:52:27+00:00","og_image":[{"width":1919,"height":1641,"url":"https:\/\/www.racingwithelegance.com\/wp-content\/uploads\/2015\/08\/dsc_0245.webp","type":"image\/webp"}],"twitter_card":"summary_large_image","schema":{"@context":"https:\/\/schema.org","@graph":[{"@type":"WebPage","@id":"https:\/\/www.racingwithelegance.com\/es\/shop\/gi2000-gala-fia-8856-2018\/","url":"https:\/\/www.racingwithelegance.com\/es\/shop\/gi2000-gala-fia-8856-2018\/","name":"GI2000 Gala FIA-8856-2018 - Racing With Elegance","isPartOf":{"@id":"https:\/\/www.racingwithelegance.com\/es\/#website"},"datePublished":"2015-08-11T22:13:09+00:00","dateModified":"2023-02-25T12:52:27+00:00","breadcrumb":{"@id":"https:\/\/www.racingwithelegance.com\/es\/shop\/gi2000-gala-fia-8856-2018\/#breadcrumb"},"inLanguage":"es","potentialAction":[{"@type":"ReadAction","target":["https:\/\/www.racingwithelegance.com\/es\/shop\/gi2000-gala-fia-8856-2018\/"]}]},{"@type":"BreadcrumbList","@id":"https:\/\/www.racingwithelegance.com\/es\/shop\/gi2000-gala-fia-8856-2018\/#breadcrumb","itemListElement":[{"@type":"ListItem","position":1,"name":"Accueil","item":"https:\/\/www.racingwithelegance.com\/es\/"},{"@type":"ListItem","position":2,"name":"P\u00e1gina principal","item":"https:\/\/www.racingwithelegance.com\/es\/"},{"@type":"ListItem","position":3,"name":"GI2000 Gala FIA-8856-2018"}]},{"@type":"WebSite","@id":"https:\/\/www.racingwithelegance.com\/es\/#website","url":"https:\/\/www.racingwithelegance.com\/es\/","name":"Racing With Elegance","description":"The Driver\u2019s Signature","publisher":{"@id":"https:\/\/www.racingwithelegance.com\/es\/#organization"},"alternateName":"RWE","potentialAction":[{"@type":"SearchAction","target":{"@type":"EntryPoint","urlTemplate":"https:\/\/www.racingwithelegance.com\/es\/?s={search_term_string}"},"query-input":"required name=search_term_string"}],"inLanguage":"es"},{"@type":"Organization","@id":"https:\/\/www.racingwithelegance.com\/es\/#organization","name":"Racing With Elegance \u00e9quipement pour pilote de course","alternateName":"RWE","url":"https:\/\/www.racingwithelegance.com\/es\/","logo":{"@type":"ImageObject","inLanguage":"es","@id":"https:\/\/www.racingwithelegance.com\/es\/#\/schema\/logo\/image\/","url":"https:\/\/www.racingwithelegance.com\/wp-content\/uploads\/2026\/01\/racing-with-elegance-logo.jpg","contentUrl":"https:\/\/www.racingwithelegance.com\/wp-content\/uploads\/2026\/01\/racing-with-elegance-logo.jpg","width":470,"height":101,"caption":"Racing With Elegance \u00e9quipement pour pilote de course"},"image":{"@id":"https:\/\/www.racingwithelegance.com\/es\/#\/schema\/logo\/image\/"},"sameAs":["https:\/\/facebook.com\/galuppo.beneluxfrance","https:\/\/instagram.com\/galuppobelgiumfrance","https:\/\/api.whatsapp.com\/send?phone=32475747773"]}]}},"_links":{"self":[{"href":"https:\/\/www.racingwithelegance.com\/es\/wp-json\/wp\/v2\/product\/3367"}],"collection":[{"href":"https:\/\/www.racingwithelegance.com\/es\/wp-json\/wp\/v2\/product"}],"about":[{"href":"https:\/\/www.racingwithelegance.com\/es\/wp-json\/wp\/v2\/types\/product"}],"wp:featuredmedia":[{"embeddable":true,"href":"https:\/\/www.racingwithelegance.com\/es\/wp-json\/wp\/v2\/media\/3214"}],"wp:attachment":[{"href":"https:\/\/www.racingwithelegance.com\/es\/wp-json\/wp\/v2\/media?parent=3367"}],"wp:term":[{"taxonomy":"product_cat","embeddable":true,"href":"https:\/\/www.racingwithelegance.com\/es\/wp-json\/wp\/v2\/product_cat?post=3367"},{"taxonomy":"product_tag","embeddable":true,"href":"https:\/\/www.racingwithelegance.com\/es\/wp-json\/wp\/v2\/product_tag?post=3367"}],"curies":[{"name":"wp","href":"https:\/\/api.w.org\/{rel}","templated":true}]}}