{"id":3895,"date":"2023-02-08T02:31:55","date_gmt":"2023-02-08T01:31:55","guid":{"rendered":"https:\/\/www.racingwithelegance.com\/produit\/gants-galuppo-ignifuge-fia-8856-2000\/"},"modified":"2026-01-28T09:34:56","modified_gmt":"2026-01-28T08:34:56","slug":"guantes-ignifugos-galuppo-fia-8856-2018","status":"publish","type":"product","link":"https:\/\/www.racingwithelegance.com\/es\/shop\/guantes-ignifugos-galuppo-fia-8856-2018\/","title":{"rendered":"Guantes ign\u00edfugos Galuppo FIA 8856-2018"},"content":{"rendered":"<p><br data-mce-bogus=\"1\"><\/p>\n","protected":false},"excerpt":{"rendered":"<p>Nuestros guantes de competici\u00f3n est\u00e1n hechos de Nomex ign\u00edfugo para proteger tus manos del fuego y el calor. La palma de silicone hace que el apret\u00f3n de manos sea mucho m\u00e1s seguro. Muy c\u00f3modo gracias a la costura exterior.<\/p>\n<p><strong>Caracter\u00edstica:<\/strong><\/p>\n<ul>\n<li>Homologaci\u00f3n FIA 8856-2018<\/li>\n<li>Nomex y silicone<\/li>\n<li>Costura exterior<\/li>\n<li>Tallas: S\/M\/L\/XL<\/li>\n<li>Colores: rojo, negro, amarillo y azul. Personalizable.<\/li>\n<\/ul>\n<p><img decoding=\"async\" src=\"https:\/\/www.racingwithelegance.com\/logoFIA.jpg\" width=\"200\" data-mce-src=\"https:\/\/www.racingwithelegance.com\/logoFIA.jpg\"><\/p>\n","protected":false},"featured_media":5133,"template":"","meta":[],"product_cat":[338],"product_tag":[],"yoast_head":"<!-- This site is optimized with the Yoast SEO plugin v22.0 - https:\/\/yoast.com\/wordpress\/plugins\/seo\/ -->\n<title>Guantes ign\u00edfugos Galuppo FIA 8856-2018 - Racing With Elegance<\/title>\n<meta name=\"robots\" content=\"index, follow, max-snippet:-1, max-image-preview:large, max-video-preview:-1\" \/>\n<link rel=\"canonical\" href=\"https:\/\/www.racingwithelegance.com\/es\/shop\/guantes-ignifugos-galuppo-fia-8856-2018\/\" \/>\n<meta property=\"og:locale\" content=\"es_ES\" \/>\n<meta property=\"og:type\" content=\"article\" \/>\n<meta property=\"og:title\" content=\"Guantes ign\u00edfugos Galuppo FIA 8856-2018 - Racing With Elegance\" \/>\n<meta property=\"og:description\" content=\"Nuestros guantes de competici\u00f3n est\u00e1n hechos de Nomex ign\u00edfugo para proteger tus manos del fuego y el calor. La palma de silicone hace que el apret\u00f3n de manos sea mucho m\u00e1s seguro. Muy c\u00f3modo gracias a la costura exterior.Caracter\u00edstica:Homologaci\u00f3n FIA 8856-2018Nomex y siliconeCostura exteriorTallas: S\/M\/L\/XLColores: rojo, negro, amarillo y azul. Personalizable.\" \/>\n<meta property=\"og:url\" content=\"https:\/\/www.racingwithelegance.com\/es\/shop\/guantes-ignifugos-galuppo-fia-8856-2018\/\" \/>\n<meta property=\"og:site_name\" content=\"Racing With Elegance\" \/>\n<meta property=\"article:publisher\" content=\"https:\/\/facebook.com\/galuppo.beneluxfrance\" \/>\n<meta property=\"article:modified_time\" content=\"2026-01-28T08:34:56+00:00\" \/>\n<meta property=\"og:image\" content=\"https:\/\/www.racingwithelegance.com\/wp-content\/uploads\/2023\/12\/img_2386-scaled.jpg\" \/>\n\t<meta property=\"og:image:width\" content=\"1920\" \/>\n\t<meta property=\"og:image:height\" content=\"2560\" \/>\n\t<meta property=\"og:image:type\" content=\"image\/jpeg\" \/>\n<meta name=\"twitter:card\" content=\"summary_large_image\" \/>\n<meta name=\"twitter:label1\" content=\"Tiempo de lectura\" \/>\n\t<meta name=\"twitter:data1\" content=\"1 minuto\" \/>\n<script type=\"application\/ld+json\" class=\"yoast-schema-graph\">{\"@context\":\"https:\/\/schema.org\",\"@graph\":[{\"@type\":\"WebPage\",\"@id\":\"https:\/\/www.racingwithelegance.com\/es\/shop\/guantes-ignifugos-galuppo-fia-8856-2018\/\",\"url\":\"https:\/\/www.racingwithelegance.com\/es\/shop\/guantes-ignifugos-galuppo-fia-8856-2018\/\",\"name\":\"Guantes ign\u00edfugos Galuppo FIA 8856-2018 - Racing With Elegance\",\"isPartOf\":{\"@id\":\"https:\/\/www.racingwithelegance.com\/es\/#website\"},\"datePublished\":\"2023-02-08T01:31:55+00:00\",\"dateModified\":\"2026-01-28T08:34:56+00:00\",\"breadcrumb\":{\"@id\":\"https:\/\/www.racingwithelegance.com\/es\/shop\/guantes-ignifugos-galuppo-fia-8856-2018\/#breadcrumb\"},\"inLanguage\":\"es\",\"potentialAction\":[{\"@type\":\"ReadAction\",\"target\":[\"https:\/\/www.racingwithelegance.com\/es\/shop\/guantes-ignifugos-galuppo-fia-8856-2018\/\"]}]},{\"@type\":\"BreadcrumbList\",\"@id\":\"https:\/\/www.racingwithelegance.com\/es\/shop\/guantes-ignifugos-galuppo-fia-8856-2018\/#breadcrumb\",\"itemListElement\":[{\"@type\":\"ListItem\",\"position\":1,\"name\":\"Accueil\",\"item\":\"https:\/\/www.racingwithelegance.com\/es\/\"},{\"@type\":\"ListItem\",\"position\":2,\"name\":\"P\u00e1gina principal\",\"item\":\"https:\/\/www.racingwithelegance.com\/es\/\"},{\"@type\":\"ListItem\",\"position\":3,\"name\":\"Guantes ign\u00edfugos Galuppo FIA 8856-2018\"}]},{\"@type\":\"WebSite\",\"@id\":\"https:\/\/www.racingwithelegance.com\/es\/#website\",\"url\":\"https:\/\/www.racingwithelegance.com\/es\/\",\"name\":\"Racing With Elegance\",\"description\":\"Racing with Elegance\",\"publisher\":{\"@id\":\"https:\/\/www.racingwithelegance.com\/es\/#organization\"},\"alternateName\":\"RWE\",\"potentialAction\":[{\"@type\":\"SearchAction\",\"target\":{\"@type\":\"EntryPoint\",\"urlTemplate\":\"https:\/\/www.racingwithelegance.com\/es\/?s={search_term_string}\"},\"query-input\":\"required name=search_term_string\"}],\"inLanguage\":\"es\"},{\"@type\":\"Organization\",\"@id\":\"https:\/\/www.racingwithelegance.com\/es\/#organization\",\"name\":\"Racing With Elegance \u00e9quipement pour pilote de course\",\"alternateName\":\"RWE\",\"url\":\"https:\/\/www.racingwithelegance.com\/es\/\",\"logo\":{\"@type\":\"ImageObject\",\"inLanguage\":\"es\",\"@id\":\"https:\/\/www.racingwithelegance.com\/es\/#\/schema\/logo\/image\/\",\"url\":\"https:\/\/www.racingwithelegance.com\/wp-content\/uploads\/2026\/01\/racing-with-elegance-logo.jpg\",\"contentUrl\":\"https:\/\/www.racingwithelegance.com\/wp-content\/uploads\/2026\/01\/racing-with-elegance-logo.jpg\",\"width\":470,\"height\":101,\"caption\":\"Racing With Elegance \u00e9quipement pour pilote de course\"},\"image\":{\"@id\":\"https:\/\/www.racingwithelegance.com\/es\/#\/schema\/logo\/image\/\"},\"sameAs\":[\"https:\/\/facebook.com\/galuppo.beneluxfrance\",\"https:\/\/instagram.com\/galuppobelgiumfrance\",\"https:\/\/api.whatsapp.com\/send?phone=32475747773\"]}]}<\/script>\n<!-- \/ Yoast SEO plugin. -->","yoast_head_json":{"title":"Guantes ign\u00edfugos Galuppo FIA 8856-2018 - Racing With Elegance","robots":{"index":"index","follow":"follow","max-snippet":"max-snippet:-1","max-image-preview":"max-image-preview:large","max-video-preview":"max-video-preview:-1"},"canonical":"https:\/\/www.racingwithelegance.com\/es\/shop\/guantes-ignifugos-galuppo-fia-8856-2018\/","og_locale":"es_ES","og_type":"article","og_title":"Guantes ign\u00edfugos Galuppo FIA 8856-2018 - Racing With Elegance","og_description":"Nuestros guantes de competici\u00f3n est\u00e1n hechos de Nomex ign\u00edfugo para proteger tus manos del fuego y el calor. La palma de silicone hace que el apret\u00f3n de manos sea mucho m\u00e1s seguro. Muy c\u00f3modo gracias a la costura exterior.Caracter\u00edstica:Homologaci\u00f3n FIA 8856-2018Nomex y siliconeCostura exteriorTallas: S\/M\/L\/XLColores: rojo, negro, amarillo y azul. Personalizable.","og_url":"https:\/\/www.racingwithelegance.com\/es\/shop\/guantes-ignifugos-galuppo-fia-8856-2018\/","og_site_name":"Racing With Elegance","article_publisher":"https:\/\/facebook.com\/galuppo.beneluxfrance","article_modified_time":"2026-01-28T08:34:56+00:00","og_image":[{"width":1920,"height":2560,"url":"https:\/\/www.racingwithelegance.com\/wp-content\/uploads\/2023\/12\/img_2386-scaled.jpg","type":"image\/jpeg"}],"twitter_card":"summary_large_image","twitter_misc":{"Tiempo de lectura":"1 minuto"},"schema":{"@context":"https:\/\/schema.org","@graph":[{"@type":"WebPage","@id":"https:\/\/www.racingwithelegance.com\/es\/shop\/guantes-ignifugos-galuppo-fia-8856-2018\/","url":"https:\/\/www.racingwithelegance.com\/es\/shop\/guantes-ignifugos-galuppo-fia-8856-2018\/","name":"Guantes ign\u00edfugos Galuppo FIA 8856-2018 - Racing With Elegance","isPartOf":{"@id":"https:\/\/www.racingwithelegance.com\/es\/#website"},"datePublished":"2023-02-08T01:31:55+00:00","dateModified":"2026-01-28T08:34:56+00:00","breadcrumb":{"@id":"https:\/\/www.racingwithelegance.com\/es\/shop\/guantes-ignifugos-galuppo-fia-8856-2018\/#breadcrumb"},"inLanguage":"es","potentialAction":[{"@type":"ReadAction","target":["https:\/\/www.racingwithelegance.com\/es\/shop\/guantes-ignifugos-galuppo-fia-8856-2018\/"]}]},{"@type":"BreadcrumbList","@id":"https:\/\/www.racingwithelegance.com\/es\/shop\/guantes-ignifugos-galuppo-fia-8856-2018\/#breadcrumb","itemListElement":[{"@type":"ListItem","position":1,"name":"Accueil","item":"https:\/\/www.racingwithelegance.com\/es\/"},{"@type":"ListItem","position":2,"name":"P\u00e1gina principal","item":"https:\/\/www.racingwithelegance.com\/es\/"},{"@type":"ListItem","position":3,"name":"Guantes ign\u00edfugos Galuppo FIA 8856-2018"}]},{"@type":"WebSite","@id":"https:\/\/www.racingwithelegance.com\/es\/#website","url":"https:\/\/www.racingwithelegance.com\/es\/","name":"Racing With Elegance","description":"Racing with Elegance","publisher":{"@id":"https:\/\/www.racingwithelegance.com\/es\/#organization"},"alternateName":"RWE","potentialAction":[{"@type":"SearchAction","target":{"@type":"EntryPoint","urlTemplate":"https:\/\/www.racingwithelegance.com\/es\/?s={search_term_string}"},"query-input":"required name=search_term_string"}],"inLanguage":"es"},{"@type":"Organization","@id":"https:\/\/www.racingwithelegance.com\/es\/#organization","name":"Racing With Elegance \u00e9quipement pour pilote de course","alternateName":"RWE","url":"https:\/\/www.racingwithelegance.com\/es\/","logo":{"@type":"ImageObject","inLanguage":"es","@id":"https:\/\/www.racingwithelegance.com\/es\/#\/schema\/logo\/image\/","url":"https:\/\/www.racingwithelegance.com\/wp-content\/uploads\/2026\/01\/racing-with-elegance-logo.jpg","contentUrl":"https:\/\/www.racingwithelegance.com\/wp-content\/uploads\/2026\/01\/racing-with-elegance-logo.jpg","width":470,"height":101,"caption":"Racing With Elegance \u00e9quipement pour pilote de course"},"image":{"@id":"https:\/\/www.racingwithelegance.com\/es\/#\/schema\/logo\/image\/"},"sameAs":["https:\/\/facebook.com\/galuppo.beneluxfrance","https:\/\/instagram.com\/galuppobelgiumfrance","https:\/\/api.whatsapp.com\/send?phone=32475747773"]}]}},"_links":{"self":[{"href":"https:\/\/www.racingwithelegance.com\/es\/wp-json\/wp\/v2\/product\/3895"}],"collection":[{"href":"https:\/\/www.racingwithelegance.com\/es\/wp-json\/wp\/v2\/product"}],"about":[{"href":"https:\/\/www.racingwithelegance.com\/es\/wp-json\/wp\/v2\/types\/product"}],"wp:featuredmedia":[{"embeddable":true,"href":"https:\/\/www.racingwithelegance.com\/es\/wp-json\/wp\/v2\/media\/5133"}],"wp:attachment":[{"href":"https:\/\/www.racingwithelegance.com\/es\/wp-json\/wp\/v2\/media?parent=3895"}],"wp:term":[{"taxonomy":"product_cat","embeddable":true,"href":"https:\/\/www.racingwithelegance.com\/es\/wp-json\/wp\/v2\/product_cat?post=3895"},{"taxonomy":"product_tag","embeddable":true,"href":"https:\/\/www.racingwithelegance.com\/es\/wp-json\/wp\/v2\/product_tag?post=3895"}],"curies":[{"name":"wp","href":"https:\/\/api.w.org\/{rel}","templated":true}]}}