{"id":3909,"date":"2023-02-08T02:37:29","date_gmt":"2023-02-08T01:37:29","guid":{"rendered":"https:\/\/www.racingwithelegance.com\/produit\/combinaison-karting-cik-level-2\/"},"modified":"2024-03-05T11:28:40","modified_gmt":"2024-03-05T10:28:40","slug":"mono-de-karting-cik-level-2","status":"publish","type":"product","link":"https:\/\/www.racingwithelegance.com\/es\/shop\/mono-de-karting-cik-level-2\/","title":{"rendered":"Mono de karting CIK-Level 2"},"content":{"rendered":"","protected":false},"excerpt":{"rendered":"<p>Nuestro mono de karting <strong>no es un producto Galupppo<\/strong>. Es un producto italiano de alta calidad hecho a mano. Cumple con las normas CIK-FIA-Nivel 2 y ha sido creado utilizando los mejores y m\u00e1s avanzados materiales del mercado para ofrecer a los pilotos un alto rendimiento, el m\u00e1ximo confort y protecci\u00f3n contra la abrasi\u00f3n. Puede personalizarlo y decorarlo con sus logotipos bordados. Fabricado a medida o en talla est\u00e1ndar.<\/p>\n<p><strong>Caracter\u00edsticas:<\/strong><\/p>\n<ul>\n<li>Homologacion CIK-FIA N2013\/1.<\/li>\n<li>2 Capas<\/li>\n<li>100% cordura<\/li>\n<li>Tallas: 40-62 o hecho a medida<\/li>\n<li>Colores: blanco, gris plata, azul, rojo, verde, amarillo y naranja<\/li>\n<\/ul>\n<p>*Las im\u00e1genes no son contractuales.<\/p>\n<table>\n<tbody>\n<tr>\n<td width=\"100\"><a href=\"https:\/\/www.racingwithelegance.com\/wp-content\/uploads\/2023\/02\/gi2000-gala-fia-8856-2018-dessinez-votre-projet.pdf\" target=\"_blank\" rel=\"noopener\"><img loading=\"lazy\" decoding=\"async\" class=\"alignnone wp-image-3028\" src=\"https:\/\/www.racingwithelegance.com\/wp-content\/uploads\/2015\/08\/pdf-svg.svg\" alt=\"\" width=\"80\" height=\"80\" \/><\/a><\/td>\n<td><strong>Dibuja tu proyecto<\/strong><br \/>\nPDF \u2013 740,7 KB<br \/>\n<a class=\"btndownloadgaluppo\" href=\"https:\/\/www.racingwithelegance.com\/wp-content\/uploads\/2023\/02\/gi2000-gala-fia-8856-2018-dessinez-votre-projet.pdf\" target=\"_blank\" rel=\"noopener\">Descargar<\/a><\/td>\n<\/tr>\n<tr>\n<td width=\"100\"><a href=\"https:\/\/www.racingwithelegance.com\/wp-content\/uploads\/2023\/02\/gi2000-gala-fia-8856-2018-indiquez-vos-mesures.pdf\" target=\"_blank\" rel=\"noopener\"><img loading=\"lazy\" decoding=\"async\" class=\"alignnone wp-image-3028\" src=\"https:\/\/www.racingwithelegance.com\/wp-content\/uploads\/2015\/08\/pdf-svg.svg\" alt=\"\" width=\"80\" height=\"80\" \/><\/a><\/td>\n<td><strong>Indica tus medidas<\/strong><br \/>\nPDF \u2013 341,0 KB<br \/>\n<a class=\"btndownloadgaluppo\" href=\"https:\/\/www.racingwithelegance.com\/wp-content\/uploads\/2023\/02\/gi2000-gala-fia-8856-2018-indiquez-vos-mesures.pdf\" target=\"_blank\" rel=\"noopener\">Descargar<\/a><\/td>\n<\/tr>\n<\/tbody>\n<\/table>\n<p><iframe src=\"https:\/\/www.youtube-nocookie.com\/embed\/r2i8Vs-272Q?&amp;controls=1&amp;rel=0&amp;modestbranding=1\" frameborder=\"0\" allowfullscreen=\"allowfullscreen\"><\/iframe><\/p>\n[contact-form-7 id=\"4003\" title=\"Demande informations produits - pdf ES\"]\n","protected":false},"featured_media":5251,"template":"","meta":[],"product_cat":[181],"product_tag":[],"yoast_head":"<!-- This site is optimized with the Yoast SEO plugin v22.0 - https:\/\/yoast.com\/wordpress\/plugins\/seo\/ -->\n<title>Mono de karting CIK-Level 2 - Racing With Elegance<\/title>\n<meta name=\"robots\" content=\"index, follow, max-snippet:-1, max-image-preview:large, max-video-preview:-1\" \/>\n<link rel=\"canonical\" href=\"https:\/\/www.racingwithelegance.com\/es\/shop\/mono-de-karting-cik-level-2\/\" \/>\n<meta property=\"og:locale\" content=\"es_ES\" \/>\n<meta property=\"og:type\" content=\"article\" \/>\n<meta property=\"og:title\" content=\"Mono de karting CIK-Level 2 - Racing With Elegance\" \/>\n<meta property=\"og:description\" content=\"Nuestro mono de karting no es un producto Galupppo. Es un producto italiano de alta calidad hecho a mano. Cumple con las normas CIK-FIA-Nivel 2 y ha sido creado utilizando los mejores y m\u00e1s avanzados materiales del mercado para ofrecer a los pilotos un alto rendimiento, el m\u00e1ximo confort y protecci\u00f3n contra la abrasi\u00f3n. Puede personalizarlo y decorarlo con sus logotipos bordados. Fabricado a medida o en talla est\u00e1ndar.  Caracter\u00edsticas:   Homologacion CIK-FIA N2013\/1.  2 Capas  100% cordura  Tallas: 40-62 o hecho a medida  Colores: blanco, gris plata, azul, rojo, verde, amarillo y naranja  *Las im\u00e1genes no son contractuales.     Dibuja tu proyecto PDF \u2013 740,7 KB Descargar    Indica tus medidas PDF \u2013 341,0 KB Descargar\" \/>\n<meta property=\"og:url\" content=\"https:\/\/www.racingwithelegance.com\/es\/shop\/mono-de-karting-cik-level-2\/\" \/>\n<meta property=\"og:site_name\" content=\"Racing With Elegance\" \/>\n<meta property=\"article:publisher\" content=\"https:\/\/facebook.com\/galuppo.beneluxfrance\" \/>\n<meta property=\"article:modified_time\" content=\"2024-03-05T10:28:40+00:00\" \/>\n<meta property=\"og:image\" content=\"https:\/\/www.racingwithelegance.com\/wp-content\/uploads\/2023\/12\/img_5367-2-scaled.jpg\" \/>\n\t<meta property=\"og:image:width\" content=\"1920\" \/>\n\t<meta property=\"og:image:height\" content=\"2560\" \/>\n\t<meta property=\"og:image:type\" content=\"image\/jpeg\" \/>\n<meta name=\"twitter:card\" content=\"summary_large_image\" \/>\n<meta name=\"twitter:label1\" content=\"Tiempo de lectura\" \/>\n\t<meta name=\"twitter:data1\" content=\"1 minuto\" \/>\n<script type=\"application\/ld+json\" class=\"yoast-schema-graph\">{\"@context\":\"https:\/\/schema.org\",\"@graph\":[{\"@type\":\"WebPage\",\"@id\":\"https:\/\/www.racingwithelegance.com\/es\/shop\/mono-de-karting-cik-level-2\/\",\"url\":\"https:\/\/www.racingwithelegance.com\/es\/shop\/mono-de-karting-cik-level-2\/\",\"name\":\"Mono de karting CIK-Level 2 - Racing With Elegance\",\"isPartOf\":{\"@id\":\"https:\/\/www.racingwithelegance.com\/es\/#website\"},\"datePublished\":\"2023-02-08T01:37:29+00:00\",\"dateModified\":\"2024-03-05T10:28:40+00:00\",\"breadcrumb\":{\"@id\":\"https:\/\/www.racingwithelegance.com\/es\/shop\/mono-de-karting-cik-level-2\/#breadcrumb\"},\"inLanguage\":\"es\",\"potentialAction\":[{\"@type\":\"ReadAction\",\"target\":[\"https:\/\/www.racingwithelegance.com\/es\/shop\/mono-de-karting-cik-level-2\/\"]}]},{\"@type\":\"BreadcrumbList\",\"@id\":\"https:\/\/www.racingwithelegance.com\/es\/shop\/mono-de-karting-cik-level-2\/#breadcrumb\",\"itemListElement\":[{\"@type\":\"ListItem\",\"position\":1,\"name\":\"Accueil\",\"item\":\"https:\/\/www.racingwithelegance.com\/es\/\"},{\"@type\":\"ListItem\",\"position\":2,\"name\":\"P\u00e1gina principal\",\"item\":\"https:\/\/www.racingwithelegance.com\/es\/\"},{\"@type\":\"ListItem\",\"position\":3,\"name\":\"Mono de karting CIK-Level 2\"}]},{\"@type\":\"WebSite\",\"@id\":\"https:\/\/www.racingwithelegance.com\/es\/#website\",\"url\":\"https:\/\/www.racingwithelegance.com\/es\/\",\"name\":\"Racing With Elegance\",\"description\":\"The Driver\u2019s Signature\",\"publisher\":{\"@id\":\"https:\/\/www.racingwithelegance.com\/es\/#organization\"},\"alternateName\":\"RWE\",\"potentialAction\":[{\"@type\":\"SearchAction\",\"target\":{\"@type\":\"EntryPoint\",\"urlTemplate\":\"https:\/\/www.racingwithelegance.com\/es\/?s={search_term_string}\"},\"query-input\":\"required name=search_term_string\"}],\"inLanguage\":\"es\"},{\"@type\":\"Organization\",\"@id\":\"https:\/\/www.racingwithelegance.com\/es\/#organization\",\"name\":\"Racing With Elegance \u00e9quipement pour pilote de course\",\"alternateName\":\"RWE\",\"url\":\"https:\/\/www.racingwithelegance.com\/es\/\",\"logo\":{\"@type\":\"ImageObject\",\"inLanguage\":\"es\",\"@id\":\"https:\/\/www.racingwithelegance.com\/es\/#\/schema\/logo\/image\/\",\"url\":\"https:\/\/www.racingwithelegance.com\/wp-content\/uploads\/2026\/01\/racing-with-elegance-logo.jpg\",\"contentUrl\":\"https:\/\/www.racingwithelegance.com\/wp-content\/uploads\/2026\/01\/racing-with-elegance-logo.jpg\",\"width\":470,\"height\":101,\"caption\":\"Racing With Elegance \u00e9quipement pour pilote de course\"},\"image\":{\"@id\":\"https:\/\/www.racingwithelegance.com\/es\/#\/schema\/logo\/image\/\"},\"sameAs\":[\"https:\/\/facebook.com\/galuppo.beneluxfrance\",\"https:\/\/instagram.com\/galuppobelgiumfrance\",\"https:\/\/api.whatsapp.com\/send?phone=32475747773\"]}]}<\/script>\n<!-- \/ Yoast SEO plugin. -->","yoast_head_json":{"title":"Mono de karting CIK-Level 2 - Racing With Elegance","robots":{"index":"index","follow":"follow","max-snippet":"max-snippet:-1","max-image-preview":"max-image-preview:large","max-video-preview":"max-video-preview:-1"},"canonical":"https:\/\/www.racingwithelegance.com\/es\/shop\/mono-de-karting-cik-level-2\/","og_locale":"es_ES","og_type":"article","og_title":"Mono de karting CIK-Level 2 - Racing With Elegance","og_description":"Nuestro mono de karting no es un producto Galupppo. Es un producto italiano de alta calidad hecho a mano. Cumple con las normas CIK-FIA-Nivel 2 y ha sido creado utilizando los mejores y m\u00e1s avanzados materiales del mercado para ofrecer a los pilotos un alto rendimiento, el m\u00e1ximo confort y protecci\u00f3n contra la abrasi\u00f3n. Puede personalizarlo y decorarlo con sus logotipos bordados. Fabricado a medida o en talla est\u00e1ndar.  Caracter\u00edsticas:   Homologacion CIK-FIA N2013\/1.  2 Capas  100% cordura  Tallas: 40-62 o hecho a medida  Colores: blanco, gris plata, azul, rojo, verde, amarillo y naranja  *Las im\u00e1genes no son contractuales.     Dibuja tu proyecto PDF \u2013 740,7 KB Descargar    Indica tus medidas PDF \u2013 341,0 KB Descargar","og_url":"https:\/\/www.racingwithelegance.com\/es\/shop\/mono-de-karting-cik-level-2\/","og_site_name":"Racing With Elegance","article_publisher":"https:\/\/facebook.com\/galuppo.beneluxfrance","article_modified_time":"2024-03-05T10:28:40+00:00","og_image":[{"width":1920,"height":2560,"url":"https:\/\/www.racingwithelegance.com\/wp-content\/uploads\/2023\/12\/img_5367-2-scaled.jpg","type":"image\/jpeg"}],"twitter_card":"summary_large_image","twitter_misc":{"Tiempo de lectura":"1 minuto"},"schema":{"@context":"https:\/\/schema.org","@graph":[{"@type":"WebPage","@id":"https:\/\/www.racingwithelegance.com\/es\/shop\/mono-de-karting-cik-level-2\/","url":"https:\/\/www.racingwithelegance.com\/es\/shop\/mono-de-karting-cik-level-2\/","name":"Mono de karting CIK-Level 2 - Racing With Elegance","isPartOf":{"@id":"https:\/\/www.racingwithelegance.com\/es\/#website"},"datePublished":"2023-02-08T01:37:29+00:00","dateModified":"2024-03-05T10:28:40+00:00","breadcrumb":{"@id":"https:\/\/www.racingwithelegance.com\/es\/shop\/mono-de-karting-cik-level-2\/#breadcrumb"},"inLanguage":"es","potentialAction":[{"@type":"ReadAction","target":["https:\/\/www.racingwithelegance.com\/es\/shop\/mono-de-karting-cik-level-2\/"]}]},{"@type":"BreadcrumbList","@id":"https:\/\/www.racingwithelegance.com\/es\/shop\/mono-de-karting-cik-level-2\/#breadcrumb","itemListElement":[{"@type":"ListItem","position":1,"name":"Accueil","item":"https:\/\/www.racingwithelegance.com\/es\/"},{"@type":"ListItem","position":2,"name":"P\u00e1gina principal","item":"https:\/\/www.racingwithelegance.com\/es\/"},{"@type":"ListItem","position":3,"name":"Mono de karting CIK-Level 2"}]},{"@type":"WebSite","@id":"https:\/\/www.racingwithelegance.com\/es\/#website","url":"https:\/\/www.racingwithelegance.com\/es\/","name":"Racing With Elegance","description":"The Driver\u2019s Signature","publisher":{"@id":"https:\/\/www.racingwithelegance.com\/es\/#organization"},"alternateName":"RWE","potentialAction":[{"@type":"SearchAction","target":{"@type":"EntryPoint","urlTemplate":"https:\/\/www.racingwithelegance.com\/es\/?s={search_term_string}"},"query-input":"required name=search_term_string"}],"inLanguage":"es"},{"@type":"Organization","@id":"https:\/\/www.racingwithelegance.com\/es\/#organization","name":"Racing With Elegance \u00e9quipement pour pilote de course","alternateName":"RWE","url":"https:\/\/www.racingwithelegance.com\/es\/","logo":{"@type":"ImageObject","inLanguage":"es","@id":"https:\/\/www.racingwithelegance.com\/es\/#\/schema\/logo\/image\/","url":"https:\/\/www.racingwithelegance.com\/wp-content\/uploads\/2026\/01\/racing-with-elegance-logo.jpg","contentUrl":"https:\/\/www.racingwithelegance.com\/wp-content\/uploads\/2026\/01\/racing-with-elegance-logo.jpg","width":470,"height":101,"caption":"Racing With Elegance \u00e9quipement pour pilote de course"},"image":{"@id":"https:\/\/www.racingwithelegance.com\/es\/#\/schema\/logo\/image\/"},"sameAs":["https:\/\/facebook.com\/galuppo.beneluxfrance","https:\/\/instagram.com\/galuppobelgiumfrance","https:\/\/api.whatsapp.com\/send?phone=32475747773"]}]}},"_links":{"self":[{"href":"https:\/\/www.racingwithelegance.com\/es\/wp-json\/wp\/v2\/product\/3909"}],"collection":[{"href":"https:\/\/www.racingwithelegance.com\/es\/wp-json\/wp\/v2\/product"}],"about":[{"href":"https:\/\/www.racingwithelegance.com\/es\/wp-json\/wp\/v2\/types\/product"}],"wp:featuredmedia":[{"embeddable":true,"href":"https:\/\/www.racingwithelegance.com\/es\/wp-json\/wp\/v2\/media\/5251"}],"wp:attachment":[{"href":"https:\/\/www.racingwithelegance.com\/es\/wp-json\/wp\/v2\/media?parent=3909"}],"wp:term":[{"taxonomy":"product_cat","embeddable":true,"href":"https:\/\/www.racingwithelegance.com\/es\/wp-json\/wp\/v2\/product_cat?post=3909"},{"taxonomy":"product_tag","embeddable":true,"href":"https:\/\/www.racingwithelegance.com\/es\/wp-json\/wp\/v2\/product_tag?post=3909"}],"curies":[{"name":"wp","href":"https:\/\/api.w.org\/{rel}","templated":true}]}}