{"id":6265,"date":"2026-02-20T13:57:04","date_gmt":"2026-02-20T12:57:35","guid":{"rendered":"https:\/\/www.racingwithelegance.com\/?post_type=product&#038;p=6265"},"modified":"2026-03-23T10:59:03","modified_gmt":"2026-03-23T09:59:03","slug":"zapatillas-de-piloto-fia-8856-2018-copie","status":"publish","type":"product","link":"https:\/\/www.racingwithelegance.com\/es\/shop\/zapatillas-de-piloto-fia-8856-2018-copie\/","title":{"rendered":"Zapatillas de piloto con sistema de cierre por dialFIA 8856-2018"},"content":{"rendered":"","protected":false},"excerpt":{"rendered":"<p data-path-to-node=\"0\">Voici la traduction en espagnol, en int\u00e9grant directement la correction pour le daim (<i data-path-to-node=\"0\" data-index-in-node=\"86\">ante<\/i>), l&#8217;ajout du <i data-path-to-node=\"0\" data-index-in-node=\"104\">mesh<\/i>, ainsi que l&#8217;ajustement logique pour le velcro (<i data-path-to-node=\"0\" data-index-in-node=\"157\">sujeci\u00f3n<\/i> au lieu de la traduction litt\u00e9rale d&#8217;adh\u00e9rence) :<\/p>\n<p data-path-to-node=\"1\">Zapatillas ign\u00edfugas con Sistema de cierre por dial. Fabricadas en ante y forradas con un tejido de malla (mesh) suave e ign\u00edfugo. La suela es de goma antideslizante, resistente a aceites e hidrocarburos. Las zapatillas est\u00e1n hechas de materiales ign\u00edfugos con una capa exterior forrada en Nomex. Garantizan m\u00e1xima ligereza, transpirabilidad y una suavidad \u00f3ptima. Personalizaci\u00f3n disponible como opci\u00f3n.<\/p>\n<p data-path-to-node=\"2\"><b data-path-to-node=\"2\" data-index-in-node=\"0\">Caracter\u00edsticas:<\/b><\/p>\n<ul data-path-to-node=\"3\">\n<li>\n<p data-path-to-node=\"3,0,0\">Normativa FIA 8856-2018<\/p>\n<\/li>\n<li>\n<p data-path-to-node=\"3,1,0\">Capa exterior: Ante forrado con un tejido de malla (mesh) suave e ign\u00edfugo<\/p>\n<\/li>\n<li>\n<p data-path-to-node=\"3,2,0\">Tallas: 39-46<\/p>\n<\/li>\n<li>\n<p data-path-to-node=\"3,3,0\">Colores: Negro, Blanco, Rojo y Azul.<\/p>\n<\/li>\n<li>\n<p data-path-to-node=\"3,4,0\">Personalizable<\/p>\n<\/li>\n<\/ul>\n<p><img decoding=\"async\" src=\"https:\/\/www.racingwithelegance.com\/logoFIA.jpg\" width=\"200\" \/><\/p>\n[contact-form-7 id=\"4002\" title=\"Demande informations produits ES\"]\n","protected":false},"featured_media":6334,"template":"","meta":[],"product_cat":[176],"product_tag":[],"yoast_head":"<!-- This site is optimized with the Yoast SEO plugin v22.0 - https:\/\/yoast.com\/wordpress\/plugins\/seo\/ -->\n<title>Zapatillas de piloto con sistema de cierre por dialFIA 8856-2018 - Racing With Elegance<\/title>\n<meta name=\"description\" content=\"Zapatillas de competici\u00f3n ign\u00edfugas de ante, forradas con un tejido de malla suave, transpirable e ign\u00edfugo, con una suela de goma moldeada resistente a los hidrocarb\" \/>\n<meta name=\"robots\" content=\"index, follow, max-snippet:-1, max-image-preview:large, max-video-preview:-1\" \/>\n<link rel=\"canonical\" href=\"https:\/\/www.racingwithelegance.com\/es\/shop\/zapatillas-de-piloto-fia-8856-2018-copie\/\" \/>\n<meta property=\"og:locale\" content=\"es_ES\" \/>\n<meta property=\"og:type\" content=\"article\" \/>\n<meta property=\"og:title\" content=\"Zapatillas de piloto con sistema de cierre por dialFIA 8856-2018 - Racing With Elegance\" \/>\n<meta property=\"og:description\" content=\"Zapatillas de competici\u00f3n ign\u00edfugas de ante, forradas con un tejido de malla suave, transpirable e ign\u00edfugo, con una suela de goma moldeada resistente a los hidrocarb\" \/>\n<meta property=\"og:url\" content=\"https:\/\/www.racingwithelegance.com\/es\/shop\/zapatillas-de-piloto-fia-8856-2018-copie\/\" \/>\n<meta property=\"og:site_name\" content=\"Racing With Elegance\" \/>\n<meta property=\"article:publisher\" content=\"https:\/\/facebook.com\/galuppo.beneluxfrance\" \/>\n<meta property=\"article:modified_time\" content=\"2026-03-23T09:59:03+00:00\" \/>\n<meta property=\"og:image\" content=\"https:\/\/www.racingwithelegance.com\/wp-content\/uploads\/2026\/02\/shoes-black.jpg\" \/>\n\t<meta property=\"og:image:width\" content=\"1181\" \/>\n\t<meta property=\"og:image:height\" content=\"1181\" \/>\n\t<meta property=\"og:image:type\" content=\"image\/jpeg\" \/>\n<meta name=\"twitter:card\" content=\"summary_large_image\" \/>\n<meta name=\"twitter:label1\" content=\"Tiempo de lectura\" \/>\n\t<meta name=\"twitter:data1\" content=\"1 minuto\" \/>\n<script type=\"application\/ld+json\" class=\"yoast-schema-graph\">{\"@context\":\"https:\/\/schema.org\",\"@graph\":[{\"@type\":\"WebPage\",\"@id\":\"https:\/\/www.racingwithelegance.com\/es\/shop\/zapatillas-de-piloto-fia-8856-2018-copie\/\",\"url\":\"https:\/\/www.racingwithelegance.com\/es\/shop\/zapatillas-de-piloto-fia-8856-2018-copie\/\",\"name\":\"Zapatillas de piloto con sistema de cierre por dialFIA 8856-2018 - Racing With Elegance\",\"isPartOf\":{\"@id\":\"https:\/\/www.racingwithelegance.com\/es\/#website\"},\"datePublished\":\"2026-02-20T12:57:35+00:00\",\"dateModified\":\"2026-03-23T09:59:03+00:00\",\"description\":\"Zapatillas de competici\u00f3n ign\u00edfugas de ante, forradas con un tejido de malla suave, transpirable e ign\u00edfugo, con una suela de goma moldeada resistente a los hidrocarb\",\"breadcrumb\":{\"@id\":\"https:\/\/www.racingwithelegance.com\/es\/shop\/zapatillas-de-piloto-fia-8856-2018-copie\/#breadcrumb\"},\"inLanguage\":\"es\",\"potentialAction\":[{\"@type\":\"ReadAction\",\"target\":[\"https:\/\/www.racingwithelegance.com\/es\/shop\/zapatillas-de-piloto-fia-8856-2018-copie\/\"]}]},{\"@type\":\"BreadcrumbList\",\"@id\":\"https:\/\/www.racingwithelegance.com\/es\/shop\/zapatillas-de-piloto-fia-8856-2018-copie\/#breadcrumb\",\"itemListElement\":[{\"@type\":\"ListItem\",\"position\":1,\"name\":\"Accueil\",\"item\":\"https:\/\/www.racingwithelegance.com\/es\/\"},{\"@type\":\"ListItem\",\"position\":2,\"name\":\"P\u00e1gina principal\",\"item\":\"https:\/\/www.racingwithelegance.com\/es\/\"},{\"@type\":\"ListItem\",\"position\":3,\"name\":\"Zapatillas de piloto con sistema de cierre por dialFIA 8856-2018\"}]},{\"@type\":\"WebSite\",\"@id\":\"https:\/\/www.racingwithelegance.com\/es\/#website\",\"url\":\"https:\/\/www.racingwithelegance.com\/es\/\",\"name\":\"Racing With Elegance\",\"description\":\"Racing with Elegance\",\"publisher\":{\"@id\":\"https:\/\/www.racingwithelegance.com\/es\/#organization\"},\"alternateName\":\"RWE\",\"potentialAction\":[{\"@type\":\"SearchAction\",\"target\":{\"@type\":\"EntryPoint\",\"urlTemplate\":\"https:\/\/www.racingwithelegance.com\/es\/?s={search_term_string}\"},\"query-input\":\"required name=search_term_string\"}],\"inLanguage\":\"es\"},{\"@type\":\"Organization\",\"@id\":\"https:\/\/www.racingwithelegance.com\/es\/#organization\",\"name\":\"Racing With Elegance \u00e9quipement pour pilote de course\",\"alternateName\":\"RWE\",\"url\":\"https:\/\/www.racingwithelegance.com\/es\/\",\"logo\":{\"@type\":\"ImageObject\",\"inLanguage\":\"es\",\"@id\":\"https:\/\/www.racingwithelegance.com\/es\/#\/schema\/logo\/image\/\",\"url\":\"https:\/\/www.racingwithelegance.com\/wp-content\/uploads\/2026\/01\/racing-with-elegance-logo.jpg\",\"contentUrl\":\"https:\/\/www.racingwithelegance.com\/wp-content\/uploads\/2026\/01\/racing-with-elegance-logo.jpg\",\"width\":470,\"height\":101,\"caption\":\"Racing With Elegance \u00e9quipement pour pilote de course\"},\"image\":{\"@id\":\"https:\/\/www.racingwithelegance.com\/es\/#\/schema\/logo\/image\/\"},\"sameAs\":[\"https:\/\/facebook.com\/galuppo.beneluxfrance\",\"https:\/\/instagram.com\/galuppobelgiumfrance\",\"https:\/\/api.whatsapp.com\/send?phone=32475747773\"]}]}<\/script>\n<!-- \/ Yoast SEO plugin. -->","yoast_head_json":{"title":"Zapatillas de piloto con sistema de cierre por dialFIA 8856-2018 - Racing With Elegance","description":"Zapatillas de competici\u00f3n ign\u00edfugas de ante, forradas con un tejido de malla suave, transpirable e ign\u00edfugo, con una suela de goma moldeada resistente a los hidrocarb","robots":{"index":"index","follow":"follow","max-snippet":"max-snippet:-1","max-image-preview":"max-image-preview:large","max-video-preview":"max-video-preview:-1"},"canonical":"https:\/\/www.racingwithelegance.com\/es\/shop\/zapatillas-de-piloto-fia-8856-2018-copie\/","og_locale":"es_ES","og_type":"article","og_title":"Zapatillas de piloto con sistema de cierre por dialFIA 8856-2018 - Racing With Elegance","og_description":"Zapatillas de competici\u00f3n ign\u00edfugas de ante, forradas con un tejido de malla suave, transpirable e ign\u00edfugo, con una suela de goma moldeada resistente a los hidrocarb","og_url":"https:\/\/www.racingwithelegance.com\/es\/shop\/zapatillas-de-piloto-fia-8856-2018-copie\/","og_site_name":"Racing With Elegance","article_publisher":"https:\/\/facebook.com\/galuppo.beneluxfrance","article_modified_time":"2026-03-23T09:59:03+00:00","og_image":[{"width":1181,"height":1181,"url":"https:\/\/www.racingwithelegance.com\/wp-content\/uploads\/2026\/02\/shoes-black.jpg","type":"image\/jpeg"}],"twitter_card":"summary_large_image","twitter_misc":{"Tiempo de lectura":"1 minuto"},"schema":{"@context":"https:\/\/schema.org","@graph":[{"@type":"WebPage","@id":"https:\/\/www.racingwithelegance.com\/es\/shop\/zapatillas-de-piloto-fia-8856-2018-copie\/","url":"https:\/\/www.racingwithelegance.com\/es\/shop\/zapatillas-de-piloto-fia-8856-2018-copie\/","name":"Zapatillas de piloto con sistema de cierre por dialFIA 8856-2018 - Racing With Elegance","isPartOf":{"@id":"https:\/\/www.racingwithelegance.com\/es\/#website"},"datePublished":"2026-02-20T12:57:35+00:00","dateModified":"2026-03-23T09:59:03+00:00","description":"Zapatillas de competici\u00f3n ign\u00edfugas de ante, forradas con un tejido de malla suave, transpirable e ign\u00edfugo, con una suela de goma moldeada resistente a los hidrocarb","breadcrumb":{"@id":"https:\/\/www.racingwithelegance.com\/es\/shop\/zapatillas-de-piloto-fia-8856-2018-copie\/#breadcrumb"},"inLanguage":"es","potentialAction":[{"@type":"ReadAction","target":["https:\/\/www.racingwithelegance.com\/es\/shop\/zapatillas-de-piloto-fia-8856-2018-copie\/"]}]},{"@type":"BreadcrumbList","@id":"https:\/\/www.racingwithelegance.com\/es\/shop\/zapatillas-de-piloto-fia-8856-2018-copie\/#breadcrumb","itemListElement":[{"@type":"ListItem","position":1,"name":"Accueil","item":"https:\/\/www.racingwithelegance.com\/es\/"},{"@type":"ListItem","position":2,"name":"P\u00e1gina principal","item":"https:\/\/www.racingwithelegance.com\/es\/"},{"@type":"ListItem","position":3,"name":"Zapatillas de piloto con sistema de cierre por dialFIA 8856-2018"}]},{"@type":"WebSite","@id":"https:\/\/www.racingwithelegance.com\/es\/#website","url":"https:\/\/www.racingwithelegance.com\/es\/","name":"Racing With Elegance","description":"Racing with Elegance","publisher":{"@id":"https:\/\/www.racingwithelegance.com\/es\/#organization"},"alternateName":"RWE","potentialAction":[{"@type":"SearchAction","target":{"@type":"EntryPoint","urlTemplate":"https:\/\/www.racingwithelegance.com\/es\/?s={search_term_string}"},"query-input":"required name=search_term_string"}],"inLanguage":"es"},{"@type":"Organization","@id":"https:\/\/www.racingwithelegance.com\/es\/#organization","name":"Racing With Elegance \u00e9quipement pour pilote de course","alternateName":"RWE","url":"https:\/\/www.racingwithelegance.com\/es\/","logo":{"@type":"ImageObject","inLanguage":"es","@id":"https:\/\/www.racingwithelegance.com\/es\/#\/schema\/logo\/image\/","url":"https:\/\/www.racingwithelegance.com\/wp-content\/uploads\/2026\/01\/racing-with-elegance-logo.jpg","contentUrl":"https:\/\/www.racingwithelegance.com\/wp-content\/uploads\/2026\/01\/racing-with-elegance-logo.jpg","width":470,"height":101,"caption":"Racing With Elegance \u00e9quipement pour pilote de course"},"image":{"@id":"https:\/\/www.racingwithelegance.com\/es\/#\/schema\/logo\/image\/"},"sameAs":["https:\/\/facebook.com\/galuppo.beneluxfrance","https:\/\/instagram.com\/galuppobelgiumfrance","https:\/\/api.whatsapp.com\/send?phone=32475747773"]}]}},"_links":{"self":[{"href":"https:\/\/www.racingwithelegance.com\/es\/wp-json\/wp\/v2\/product\/6265"}],"collection":[{"href":"https:\/\/www.racingwithelegance.com\/es\/wp-json\/wp\/v2\/product"}],"about":[{"href":"https:\/\/www.racingwithelegance.com\/es\/wp-json\/wp\/v2\/types\/product"}],"wp:featuredmedia":[{"embeddable":true,"href":"https:\/\/www.racingwithelegance.com\/es\/wp-json\/wp\/v2\/media\/6334"}],"wp:attachment":[{"href":"https:\/\/www.racingwithelegance.com\/es\/wp-json\/wp\/v2\/media?parent=6265"}],"wp:term":[{"taxonomy":"product_cat","embeddable":true,"href":"https:\/\/www.racingwithelegance.com\/es\/wp-json\/wp\/v2\/product_cat?post=6265"},{"taxonomy":"product_tag","embeddable":true,"href":"https:\/\/www.racingwithelegance.com\/es\/wp-json\/wp\/v2\/product_tag?post=6265"}],"curies":[{"name":"wp","href":"https:\/\/api.w.org\/{rel}","templated":true}]}}